{"id":61,"date":"2024-08-13T10:43:06","date_gmt":"2024-08-13T08:43:06","guid":{"rendered":"https:\/\/azamicale09.fr\/?page_id=61"},"modified":"2026-01-27T18:34:29","modified_gmt":"2026-01-27T17:34:29","slug":"bulletin-adhesion","status":"publish","type":"page","link":"https:\/\/azamicale09.fr\/index.php\/bulletin-adhesion\/","title":{"rendered":"Bulletin adh\u00e9sion"},"content":{"rendered":"\n<h6 class=\"wp-block-heading has-text-align-left\">Cliquer sur T\u00e9l\u00e9charger en dessous de la photo de Dominique pour envoyer le bulletin par courrier ou effectuer directement le virement bancaire(IBAN sur le bulletin) <strong>en sp\u00e9cifiant l&rsquo;\u00e9metteur du virement<\/strong> et Cotis 2025<\/h6>\n\n\n\n<figure class=\"wp-block-image size-full is-resized is-style-rounded\"><img loading=\"lazy\" decoding=\"async\" width=\"628\" height=\"412\" src=\"https:\/\/azamicale09.fr\/wp-content\/uploads\/2024\/08\/photo-adhesion.png\" alt=\"\" class=\"wp-image-691\" style=\"width:393px;height:auto\" srcset=\"https:\/\/azamicale09.fr\/wp-content\/uploads\/2024\/08\/photo-adhesion.png 628w, https:\/\/azamicale09.fr\/wp-content\/uploads\/2024\/08\/photo-adhesion-300x197.png 300w, https:\/\/azamicale09.fr\/wp-content\/uploads\/2024\/08\/photo-adhesion-457x300.png 457w\" sizes=\"auto, (max-width: 628px) 100vw, 628px\" \/><\/figure>\n\n\n\n<p><\/p>\n\n\n\n<div class=\"wp-block-file\"><a id=\"wp-block-file--media-d27e3107-7da9-4134-921e-e899fe52c339\" href=\"https:\/\/azamicale09.fr\/wp-content\/uploads\/2026\/01\/Adhesion2026.docx\">Adhesion2026<\/a><a href=\"https:\/\/azamicale09.fr\/wp-content\/uploads\/2026\/01\/Adhesion2026.docx\" class=\"wp-block-file__button wp-element-button\" download aria-describedby=\"wp-block-file--media-d27e3107-7da9-4134-921e-e899fe52c339\">T\u00e9l\u00e9charger<\/a><\/div>\n\n\n\n<p><\/p>\n","protected":false},"excerpt":{"rendered":"<p>Cliquer sur T\u00e9l\u00e9charger en dessous de la photo de Dominique pour envoyer le bulletin par courrier ou effectuer directement le virement bancaire(IBAN sur le bulletin) en sp\u00e9cifiant l&rsquo;\u00e9metteur du virement &hellip;<\/p>\n","protected":false},"author":1,"featured_media":0,"parent":0,"menu_order":1,"comment_status":"closed","ping_status":"closed","template":"","meta":{"footnotes":""},"class_list":["post-61","page","type-page","status-publish","hentry"],"yoast_head":"<!-- This site is optimized with the Yoast SEO plugin v27.4 - https:\/\/yoast.com\/product\/yoast-seo-wordpress\/ -->\n<title>Bulletin adh\u00e9sion - AZ Amicale Pamiers (09)<\/title>\n<meta name=\"robots\" content=\"index, follow, max-snippet:-1, max-image-preview:large, max-video-preview:-1\" \/>\n<link rel=\"canonical\" href=\"https:\/\/azamicale09.fr\/index.php\/bulletin-adhesion\/\" \/>\n<meta property=\"og:locale\" content=\"fr_FR\" \/>\n<meta property=\"og:type\" content=\"article\" \/>\n<meta property=\"og:title\" content=\"Bulletin adh\u00e9sion - AZ Amicale Pamiers (09)\" \/>\n<meta property=\"og:description\" content=\"Cliquer sur T\u00e9l\u00e9charger en dessous de la photo de Dominique pour envoyer le bulletin par courrier ou effectuer directement le virement bancaire(IBAN sur le bulletin) en sp\u00e9cifiant l&rsquo;\u00e9metteur du virement &hellip;\" \/>\n<meta property=\"og:url\" content=\"https:\/\/azamicale09.fr\/index.php\/bulletin-adhesion\/\" \/>\n<meta property=\"og:site_name\" content=\"AZ Amicale Pamiers (09)\" \/>\n<meta property=\"article:modified_time\" content=\"2026-01-27T17:34:29+00:00\" \/>\n<meta property=\"og:image\" content=\"https:\/\/azamicale09.fr\/wp-content\/uploads\/2024\/08\/photo-adhesion.png\" \/>\n\t<meta property=\"og:image:width\" content=\"628\" \/>\n\t<meta property=\"og:image:height\" content=\"412\" \/>\n\t<meta property=\"og:image:type\" content=\"image\/png\" \/>\n<meta name=\"twitter:card\" content=\"summary_large_image\" \/>\n<meta name=\"twitter:label1\" content=\"Dur\u00e9e de lecture estim\u00e9e\" \/>\n\t<meta name=\"twitter:data1\" content=\"1 minute\" \/>\n<script type=\"application\/ld+json\" class=\"yoast-schema-graph\">{\"@context\":\"https:\\\/\\\/schema.org\",\"@graph\":[{\"@type\":\"WebPage\",\"@id\":\"https:\\\/\\\/azamicale09.fr\\\/index.php\\\/bulletin-adhesion\\\/\",\"url\":\"https:\\\/\\\/azamicale09.fr\\\/index.php\\\/bulletin-adhesion\\\/\",\"name\":\"Bulletin adh\u00e9sion - AZ Amicale Pamiers (09)\",\"isPartOf\":{\"@id\":\"https:\\\/\\\/azamicale09.fr\\\/#website\"},\"primaryImageOfPage\":{\"@id\":\"https:\\\/\\\/azamicale09.fr\\\/index.php\\\/bulletin-adhesion\\\/#primaryimage\"},\"image\":{\"@id\":\"https:\\\/\\\/azamicale09.fr\\\/index.php\\\/bulletin-adhesion\\\/#primaryimage\"},\"thumbnailUrl\":\"https:\\\/\\\/azamicale09.fr\\\/wp-content\\\/uploads\\\/2024\\\/08\\\/photo-adhesion.png\",\"datePublished\":\"2024-08-13T08:43:06+00:00\",\"dateModified\":\"2026-01-27T17:34:29+00:00\",\"breadcrumb\":{\"@id\":\"https:\\\/\\\/azamicale09.fr\\\/index.php\\\/bulletin-adhesion\\\/#breadcrumb\"},\"inLanguage\":\"fr-FR\",\"potentialAction\":[{\"@type\":\"ReadAction\",\"target\":[\"https:\\\/\\\/azamicale09.fr\\\/index.php\\\/bulletin-adhesion\\\/\"]}]},{\"@type\":\"ImageObject\",\"inLanguage\":\"fr-FR\",\"@id\":\"https:\\\/\\\/azamicale09.fr\\\/index.php\\\/bulletin-adhesion\\\/#primaryimage\",\"url\":\"https:\\\/\\\/azamicale09.fr\\\/wp-content\\\/uploads\\\/2024\\\/08\\\/photo-adhesion.png\",\"contentUrl\":\"https:\\\/\\\/azamicale09.fr\\\/wp-content\\\/uploads\\\/2024\\\/08\\\/photo-adhesion.png\",\"width\":628,\"height\":412},{\"@type\":\"BreadcrumbList\",\"@id\":\"https:\\\/\\\/azamicale09.fr\\\/index.php\\\/bulletin-adhesion\\\/#breadcrumb\",\"itemListElement\":[{\"@type\":\"ListItem\",\"position\":1,\"name\":\"Accueil\",\"item\":\"https:\\\/\\\/azamicale09.fr\\\/\"},{\"@type\":\"ListItem\",\"position\":2,\"name\":\"Bulletin adh\u00e9sion\"}]},{\"@type\":\"WebSite\",\"@id\":\"https:\\\/\\\/azamicale09.fr\\\/#website\",\"url\":\"https:\\\/\\\/azamicale09.fr\\\/\",\"name\":\"AZ Amicale Pamiers (09)\",\"description\":\"Rassemble des Passionn\u00e9s de v\u00e9hicules anciens\",\"publisher\":{\"@id\":\"https:\\\/\\\/azamicale09.fr\\\/#organization\"},\"potentialAction\":[{\"@type\":\"SearchAction\",\"target\":{\"@type\":\"EntryPoint\",\"urlTemplate\":\"https:\\\/\\\/azamicale09.fr\\\/?s={search_term_string}\"},\"query-input\":{\"@type\":\"PropertyValueSpecification\",\"valueRequired\":true,\"valueName\":\"search_term_string\"}}],\"inLanguage\":\"fr-FR\"},{\"@type\":\"Organization\",\"@id\":\"https:\\\/\\\/azamicale09.fr\\\/#organization\",\"name\":\"AZ Amicale Pamiers (09)\",\"url\":\"https:\\\/\\\/azamicale09.fr\\\/\",\"logo\":{\"@type\":\"ImageObject\",\"inLanguage\":\"fr-FR\",\"@id\":\"https:\\\/\\\/azamicale09.fr\\\/#\\\/schema\\\/logo\\\/image\\\/\",\"url\":\"https:\\\/\\\/azamicale09.fr\\\/wp-content\\\/uploads\\\/2024\\\/08\\\/cropped-Logo-AZA.png\",\"contentUrl\":\"https:\\\/\\\/azamicale09.fr\\\/wp-content\\\/uploads\\\/2024\\\/08\\\/cropped-Logo-AZA.png\",\"width\":310,\"height\":395,\"caption\":\"AZ Amicale Pamiers (09)\"},\"image\":{\"@id\":\"https:\\\/\\\/azamicale09.fr\\\/#\\\/schema\\\/logo\\\/image\\\/\"}}]}<\/script>\n<!-- \/ Yoast SEO plugin. -->","yoast_head_json":{"title":"Bulletin adh\u00e9sion - AZ Amicale Pamiers (09)","robots":{"index":"index","follow":"follow","max-snippet":"max-snippet:-1","max-image-preview":"max-image-preview:large","max-video-preview":"max-video-preview:-1"},"canonical":"https:\/\/azamicale09.fr\/index.php\/bulletin-adhesion\/","og_locale":"fr_FR","og_type":"article","og_title":"Bulletin adh\u00e9sion - AZ Amicale Pamiers (09)","og_description":"Cliquer sur T\u00e9l\u00e9charger en dessous de la photo de Dominique pour envoyer le bulletin par courrier ou effectuer directement le virement bancaire(IBAN sur le bulletin) en sp\u00e9cifiant l&rsquo;\u00e9metteur du virement &hellip;","og_url":"https:\/\/azamicale09.fr\/index.php\/bulletin-adhesion\/","og_site_name":"AZ Amicale Pamiers (09)","article_modified_time":"2026-01-27T17:34:29+00:00","og_image":[{"width":628,"height":412,"url":"https:\/\/azamicale09.fr\/wp-content\/uploads\/2024\/08\/photo-adhesion.png","type":"image\/png"}],"twitter_card":"summary_large_image","twitter_misc":{"Dur\u00e9e de lecture estim\u00e9e":"1 minute"},"schema":{"@context":"https:\/\/schema.org","@graph":[{"@type":"WebPage","@id":"https:\/\/azamicale09.fr\/index.php\/bulletin-adhesion\/","url":"https:\/\/azamicale09.fr\/index.php\/bulletin-adhesion\/","name":"Bulletin adh\u00e9sion - AZ Amicale Pamiers (09)","isPartOf":{"@id":"https:\/\/azamicale09.fr\/#website"},"primaryImageOfPage":{"@id":"https:\/\/azamicale09.fr\/index.php\/bulletin-adhesion\/#primaryimage"},"image":{"@id":"https:\/\/azamicale09.fr\/index.php\/bulletin-adhesion\/#primaryimage"},"thumbnailUrl":"https:\/\/azamicale09.fr\/wp-content\/uploads\/2024\/08\/photo-adhesion.png","datePublished":"2024-08-13T08:43:06+00:00","dateModified":"2026-01-27T17:34:29+00:00","breadcrumb":{"@id":"https:\/\/azamicale09.fr\/index.php\/bulletin-adhesion\/#breadcrumb"},"inLanguage":"fr-FR","potentialAction":[{"@type":"ReadAction","target":["https:\/\/azamicale09.fr\/index.php\/bulletin-adhesion\/"]}]},{"@type":"ImageObject","inLanguage":"fr-FR","@id":"https:\/\/azamicale09.fr\/index.php\/bulletin-adhesion\/#primaryimage","url":"https:\/\/azamicale09.fr\/wp-content\/uploads\/2024\/08\/photo-adhesion.png","contentUrl":"https:\/\/azamicale09.fr\/wp-content\/uploads\/2024\/08\/photo-adhesion.png","width":628,"height":412},{"@type":"BreadcrumbList","@id":"https:\/\/azamicale09.fr\/index.php\/bulletin-adhesion\/#breadcrumb","itemListElement":[{"@type":"ListItem","position":1,"name":"Accueil","item":"https:\/\/azamicale09.fr\/"},{"@type":"ListItem","position":2,"name":"Bulletin adh\u00e9sion"}]},{"@type":"WebSite","@id":"https:\/\/azamicale09.fr\/#website","url":"https:\/\/azamicale09.fr\/","name":"AZ Amicale Pamiers (09)","description":"Rassemble des Passionn\u00e9s de v\u00e9hicules anciens","publisher":{"@id":"https:\/\/azamicale09.fr\/#organization"},"potentialAction":[{"@type":"SearchAction","target":{"@type":"EntryPoint","urlTemplate":"https:\/\/azamicale09.fr\/?s={search_term_string}"},"query-input":{"@type":"PropertyValueSpecification","valueRequired":true,"valueName":"search_term_string"}}],"inLanguage":"fr-FR"},{"@type":"Organization","@id":"https:\/\/azamicale09.fr\/#organization","name":"AZ Amicale Pamiers (09)","url":"https:\/\/azamicale09.fr\/","logo":{"@type":"ImageObject","inLanguage":"fr-FR","@id":"https:\/\/azamicale09.fr\/#\/schema\/logo\/image\/","url":"https:\/\/azamicale09.fr\/wp-content\/uploads\/2024\/08\/cropped-Logo-AZA.png","contentUrl":"https:\/\/azamicale09.fr\/wp-content\/uploads\/2024\/08\/cropped-Logo-AZA.png","width":310,"height":395,"caption":"AZ Amicale Pamiers (09)"},"image":{"@id":"https:\/\/azamicale09.fr\/#\/schema\/logo\/image\/"}}]}},"_links":{"self":[{"href":"https:\/\/azamicale09.fr\/index.php\/wp-json\/wp\/v2\/pages\/61","targetHints":{"allow":["GET"]}}],"collection":[{"href":"https:\/\/azamicale09.fr\/index.php\/wp-json\/wp\/v2\/pages"}],"about":[{"href":"https:\/\/azamicale09.fr\/index.php\/wp-json\/wp\/v2\/types\/page"}],"author":[{"embeddable":true,"href":"https:\/\/azamicale09.fr\/index.php\/wp-json\/wp\/v2\/users\/1"}],"replies":[{"embeddable":true,"href":"https:\/\/azamicale09.fr\/index.php\/wp-json\/wp\/v2\/comments?post=61"}],"version-history":[{"count":13,"href":"https:\/\/azamicale09.fr\/index.php\/wp-json\/wp\/v2\/pages\/61\/revisions"}],"predecessor-version":[{"id":1098,"href":"https:\/\/azamicale09.fr\/index.php\/wp-json\/wp\/v2\/pages\/61\/revisions\/1098"}],"wp:attachment":[{"href":"https:\/\/azamicale09.fr\/index.php\/wp-json\/wp\/v2\/media?parent=61"}],"curies":[{"name":"wp","href":"https:\/\/api.w.org\/{rel}","templated":true}]}}