{"id":63,"date":"2024-08-13T10:43:06","date_gmt":"2024-08-13T08:43:06","guid":{"rendered":"https:\/\/azamicale09.fr\/?page_id=63"},"modified":"2025-04-01T19:09:46","modified_gmt":"2025-04-01T17:09:46","slug":"fonctionnement","status":"publish","type":"page","link":"https:\/\/azamicale09.fr\/index.php\/fonctionnement\/","title":{"rendered":"Fonctionnement"},"content":{"rendered":"\n<figure class=\"wp-block-image size-full is-resized\"><img loading=\"lazy\" decoding=\"async\" width=\"542\" height=\"391\" src=\"http:\/\/azamicale09.fr\/wp-content\/uploads\/2024\/08\/R8.png\" alt=\"\" class=\"wp-image-172\" style=\"width:639px;height:auto\" srcset=\"https:\/\/azamicale09.fr\/wp-content\/uploads\/2024\/08\/R8.png 542w, https:\/\/azamicale09.fr\/wp-content\/uploads\/2024\/08\/R8-300x216.png 300w, https:\/\/azamicale09.fr\/wp-content\/uploads\/2024\/08\/R8-259x187.png 259w\" sizes=\"auto, (max-width: 542px) 100vw, 542px\" \/><\/figure>\n\n\n\n<h1 class=\"wp-block-heading\"><strong>AVANTAGES ADHERENTS<\/strong><\/h1>\n\n\n\n<p>Les membres peuvent b\u00e9n\u00e9ficier de divers \u00e9quipements appartenant au club: remorque double essieu porte voiture et remorque porte moto moyennant une participation aux frais (d\u00e9fraiement). <strong>Le fourgon (avec sa remorque porte voiture) sera utilis\u00e9 pour l&rsquo;assistance lors de sorties, et uniquement par des adh\u00e9rents poss\u00e9dant le permis E \u00e0 jour.<\/strong><\/p>\n\n\n\n<p>Outillage, garage ferm\u00e9 \u00e0 tarif tr\u00e8s bas (places limit\u00e9es), ainsi que des avantages consentis par certains \u00e9tablissements (r\u00e9duction au Contr\u00f4le Technique, chez les commer\u00e7ants&#8230;)et de la gratuit\u00e9 des emplacements \u00e0 la Bourse.<strong><br><\/strong>Le club vous offre gratuitement des panneaux plastifi\u00e9s et en couleur portant les explications que vous souhaitez donner concernant votre ou vos v\u00e9hicules pour pr\u00e9sentation au public.<\/p>\n\n\n\n<p><\/p>\n\n\n\n<h1 class=\"wp-block-heading\"><strong>NOTRE FONCTIONNEMENT<\/strong><\/h1>\n\n\n\n<p>PLUSIEURS SORTIES DOMINICALES ou sur 2\/3 JOURS (Voir AGENDA AZA dans l&rsquo;onglet CALENDRIER du site)<br><br>Promenades agr\u00e9ment\u00e9es de visites, sur des itin\u00e9raires touristiques de la r\u00e9gion, avec la logistique pour respecter la r\u00e9glementation et assurer le bon d\u00e9roulement de la balade.<br><br>Cela inclut l&rsquo;organisation de la manifestation, mais aussi petit d\u00e9jeuner d&rsquo;accueil, pause casse-cro\u00fbte, repas de midi, visites diverses et l&rsquo;\u00e9ventuelle assistance (les comp\u00e9tences et les bonnes volont\u00e9s se multiplient en cas de probl\u00e8me, et recours \u00e0 la remorque porte voiture en solution ultime !)<br>Il n&rsquo;est pas obligatoire d&rsquo;\u00eatre adh\u00e9rent pour y participer, il suffit de s&rsquo;y inscrire.<br><br>Nous proposons aussi une SORTIE ANNUELLE SUR TROIS JOURS, fin septembre, exclusivement r\u00e9serv\u00e9e aux adh\u00e9rents.<br><br><strong>MAIS AUSSI\u2026<\/strong><br><br>GRANDE BOURSE D&rsquo;\u00c9CHANGE :<br>2\u00e8me Week-end de MAI, \u00e0 PAMIERS.<br>Son d\u00e9veloppement en fait maintenant une des plus importantes du Sud-Ouest, attirant de nombreux marchands professionnels.<br><br>R\u00c9UNION MENSUELLE AMICALE<br>au si\u00e8ge du club, (20h30), chaque premier Jeudi du mois sur l&rsquo;esplanade Milliane 09100 Pamiers, pour \u00e9voquer les projets en cours ou \u00e0 venir, s&rsquo;informer de tout ce qui est utile \u00e0 cette activit\u00e9 de loisir, \u00e9changer des id\u00e9es et promouvoir l&rsquo;entraide pour rechercher des solutions \u00e0 nos probl\u00e8mes techniques. Et passer un bon moment entre amis\u2026<br><br>Un REPAS CHAMP\u00caTRE ANNUEL offert par le club r\u00e9unit aussi traditionnellement en juin tous les membres et leur famille.<\/p>\n\n\n\n<p><\/p>\n\n\n\n<p><strong><mark style=\"background-color:rgba(0, 0, 0, 0)\" class=\"has-inline-color has-accent-2-color\">M\u00e9mo sur la r\u00e9glementation remorque &#8211; Permis<\/mark><\/strong><\/p>\n\n\n\n<figure class=\"wp-block-image size-large is-resized\"><img loading=\"lazy\" decoding=\"async\" width=\"1024\" height=\"574\" src=\"https:\/\/azamicale09.fr\/wp-content\/uploads\/2025\/04\/PTAC-1024x574.png\" alt=\"\" class=\"wp-image-983\" style=\"width:1097px;height:auto\" srcset=\"https:\/\/azamicale09.fr\/wp-content\/uploads\/2025\/04\/PTAC-1024x574.png 1024w, https:\/\/azamicale09.fr\/wp-content\/uploads\/2025\/04\/PTAC-300x168.png 300w, https:\/\/azamicale09.fr\/wp-content\/uploads\/2025\/04\/PTAC-768x430.png 768w, https:\/\/azamicale09.fr\/wp-content\/uploads\/2025\/04\/PTAC-457x256.png 457w, https:\/\/azamicale09.fr\/wp-content\/uploads\/2025\/04\/PTAC.png 1171w\" sizes=\"auto, (max-width: 1024px) 100vw, 1024px\" \/><\/figure>\n\n\n\n<p><\/p>\n","protected":false},"excerpt":{"rendered":"<p>AVANTAGES ADHERENTS Les membres peuvent b\u00e9n\u00e9ficier de divers \u00e9quipements appartenant au club: remorque double essieu porte voiture et remorque porte moto moyennant une participation aux frais (d\u00e9fraiement). Le fourgon (avec &hellip;<\/p>\n","protected":false},"author":1,"featured_media":0,"parent":0,"menu_order":0,"comment_status":"closed","ping_status":"closed","template":"","meta":{"footnotes":""},"class_list":["post-63","page","type-page","status-publish","hentry"],"yoast_head":"<!-- This site is optimized with the Yoast SEO plugin v27.5 - https:\/\/yoast.com\/product\/yoast-seo-wordpress\/ -->\n<title>Fonctionnement - AZ Amicale Pamiers (09)<\/title>\n<meta name=\"robots\" content=\"index, follow, max-snippet:-1, max-image-preview:large, max-video-preview:-1\" \/>\n<link rel=\"canonical\" href=\"https:\/\/azamicale09.fr\/index.php\/fonctionnement\/\" \/>\n<meta property=\"og:locale\" content=\"fr_FR\" \/>\n<meta property=\"og:type\" content=\"article\" \/>\n<meta property=\"og:title\" content=\"Fonctionnement - AZ Amicale Pamiers (09)\" \/>\n<meta property=\"og:description\" content=\"AVANTAGES ADHERENTS Les membres peuvent b\u00e9n\u00e9ficier de divers \u00e9quipements appartenant au club: remorque double essieu porte voiture et remorque porte moto moyennant une participation aux frais (d\u00e9fraiement). Le fourgon (avec &hellip;\" \/>\n<meta property=\"og:url\" content=\"https:\/\/azamicale09.fr\/index.php\/fonctionnement\/\" \/>\n<meta property=\"og:site_name\" content=\"AZ Amicale Pamiers (09)\" \/>\n<meta property=\"article:modified_time\" content=\"2025-04-01T17:09:46+00:00\" \/>\n<meta property=\"og:image\" content=\"https:\/\/azamicale09.fr\/wp-content\/uploads\/2024\/08\/R8.png\" \/>\n\t<meta property=\"og:image:width\" content=\"542\" \/>\n\t<meta property=\"og:image:height\" content=\"391\" \/>\n\t<meta property=\"og:image:type\" content=\"image\/png\" \/>\n<meta name=\"twitter:card\" content=\"summary_large_image\" \/>\n<meta name=\"twitter:label1\" content=\"Dur\u00e9e de lecture estim\u00e9e\" \/>\n\t<meta name=\"twitter:data1\" content=\"2 minutes\" \/>\n<script type=\"application\/ld+json\" class=\"yoast-schema-graph\">{\"@context\":\"https:\\\/\\\/schema.org\",\"@graph\":[{\"@type\":\"WebPage\",\"@id\":\"https:\\\/\\\/azamicale09.fr\\\/index.php\\\/fonctionnement\\\/\",\"url\":\"https:\\\/\\\/azamicale09.fr\\\/index.php\\\/fonctionnement\\\/\",\"name\":\"Fonctionnement - AZ Amicale Pamiers (09)\",\"isPartOf\":{\"@id\":\"https:\\\/\\\/azamicale09.fr\\\/#website\"},\"primaryImageOfPage\":{\"@id\":\"https:\\\/\\\/azamicale09.fr\\\/index.php\\\/fonctionnement\\\/#primaryimage\"},\"image\":{\"@id\":\"https:\\\/\\\/azamicale09.fr\\\/index.php\\\/fonctionnement\\\/#primaryimage\"},\"thumbnailUrl\":\"http:\\\/\\\/azamicale09.fr\\\/wp-content\\\/uploads\\\/2024\\\/08\\\/R8.png\",\"datePublished\":\"2024-08-13T08:43:06+00:00\",\"dateModified\":\"2025-04-01T17:09:46+00:00\",\"breadcrumb\":{\"@id\":\"https:\\\/\\\/azamicale09.fr\\\/index.php\\\/fonctionnement\\\/#breadcrumb\"},\"inLanguage\":\"fr-FR\",\"potentialAction\":[{\"@type\":\"ReadAction\",\"target\":[\"https:\\\/\\\/azamicale09.fr\\\/index.php\\\/fonctionnement\\\/\"]}]},{\"@type\":\"ImageObject\",\"inLanguage\":\"fr-FR\",\"@id\":\"https:\\\/\\\/azamicale09.fr\\\/index.php\\\/fonctionnement\\\/#primaryimage\",\"url\":\"https:\\\/\\\/azamicale09.fr\\\/wp-content\\\/uploads\\\/2024\\\/08\\\/R8.png\",\"contentUrl\":\"https:\\\/\\\/azamicale09.fr\\\/wp-content\\\/uploads\\\/2024\\\/08\\\/R8.png\",\"width\":542,\"height\":391},{\"@type\":\"BreadcrumbList\",\"@id\":\"https:\\\/\\\/azamicale09.fr\\\/index.php\\\/fonctionnement\\\/#breadcrumb\",\"itemListElement\":[{\"@type\":\"ListItem\",\"position\":1,\"name\":\"Accueil\",\"item\":\"https:\\\/\\\/azamicale09.fr\\\/\"},{\"@type\":\"ListItem\",\"position\":2,\"name\":\"Fonctionnement\"}]},{\"@type\":\"WebSite\",\"@id\":\"https:\\\/\\\/azamicale09.fr\\\/#website\",\"url\":\"https:\\\/\\\/azamicale09.fr\\\/\",\"name\":\"AZ Amicale Pamiers (09)\",\"description\":\"Rassemble des Passionn\u00e9s de v\u00e9hicules anciens\",\"publisher\":{\"@id\":\"https:\\\/\\\/azamicale09.fr\\\/#organization\"},\"potentialAction\":[{\"@type\":\"SearchAction\",\"target\":{\"@type\":\"EntryPoint\",\"urlTemplate\":\"https:\\\/\\\/azamicale09.fr\\\/?s={search_term_string}\"},\"query-input\":{\"@type\":\"PropertyValueSpecification\",\"valueRequired\":true,\"valueName\":\"search_term_string\"}}],\"inLanguage\":\"fr-FR\"},{\"@type\":\"Organization\",\"@id\":\"https:\\\/\\\/azamicale09.fr\\\/#organization\",\"name\":\"AZ Amicale Pamiers (09)\",\"url\":\"https:\\\/\\\/azamicale09.fr\\\/\",\"logo\":{\"@type\":\"ImageObject\",\"inLanguage\":\"fr-FR\",\"@id\":\"https:\\\/\\\/azamicale09.fr\\\/#\\\/schema\\\/logo\\\/image\\\/\",\"url\":\"https:\\\/\\\/azamicale09.fr\\\/wp-content\\\/uploads\\\/2024\\\/08\\\/cropped-Logo-AZA.png\",\"contentUrl\":\"https:\\\/\\\/azamicale09.fr\\\/wp-content\\\/uploads\\\/2024\\\/08\\\/cropped-Logo-AZA.png\",\"width\":310,\"height\":395,\"caption\":\"AZ Amicale Pamiers (09)\"},\"image\":{\"@id\":\"https:\\\/\\\/azamicale09.fr\\\/#\\\/schema\\\/logo\\\/image\\\/\"}}]}<\/script>\n<!-- \/ Yoast SEO plugin. -->","yoast_head_json":{"title":"Fonctionnement - AZ Amicale Pamiers (09)","robots":{"index":"index","follow":"follow","max-snippet":"max-snippet:-1","max-image-preview":"max-image-preview:large","max-video-preview":"max-video-preview:-1"},"canonical":"https:\/\/azamicale09.fr\/index.php\/fonctionnement\/","og_locale":"fr_FR","og_type":"article","og_title":"Fonctionnement - AZ Amicale Pamiers (09)","og_description":"AVANTAGES ADHERENTS Les membres peuvent b\u00e9n\u00e9ficier de divers \u00e9quipements appartenant au club: remorque double essieu porte voiture et remorque porte moto moyennant une participation aux frais (d\u00e9fraiement). Le fourgon (avec &hellip;","og_url":"https:\/\/azamicale09.fr\/index.php\/fonctionnement\/","og_site_name":"AZ Amicale Pamiers (09)","article_modified_time":"2025-04-01T17:09:46+00:00","og_image":[{"width":542,"height":391,"url":"https:\/\/azamicale09.fr\/wp-content\/uploads\/2024\/08\/R8.png","type":"image\/png"}],"twitter_card":"summary_large_image","twitter_misc":{"Dur\u00e9e de lecture estim\u00e9e":"2 minutes"},"schema":{"@context":"https:\/\/schema.org","@graph":[{"@type":"WebPage","@id":"https:\/\/azamicale09.fr\/index.php\/fonctionnement\/","url":"https:\/\/azamicale09.fr\/index.php\/fonctionnement\/","name":"Fonctionnement - AZ Amicale Pamiers (09)","isPartOf":{"@id":"https:\/\/azamicale09.fr\/#website"},"primaryImageOfPage":{"@id":"https:\/\/azamicale09.fr\/index.php\/fonctionnement\/#primaryimage"},"image":{"@id":"https:\/\/azamicale09.fr\/index.php\/fonctionnement\/#primaryimage"},"thumbnailUrl":"http:\/\/azamicale09.fr\/wp-content\/uploads\/2024\/08\/R8.png","datePublished":"2024-08-13T08:43:06+00:00","dateModified":"2025-04-01T17:09:46+00:00","breadcrumb":{"@id":"https:\/\/azamicale09.fr\/index.php\/fonctionnement\/#breadcrumb"},"inLanguage":"fr-FR","potentialAction":[{"@type":"ReadAction","target":["https:\/\/azamicale09.fr\/index.php\/fonctionnement\/"]}]},{"@type":"ImageObject","inLanguage":"fr-FR","@id":"https:\/\/azamicale09.fr\/index.php\/fonctionnement\/#primaryimage","url":"https:\/\/azamicale09.fr\/wp-content\/uploads\/2024\/08\/R8.png","contentUrl":"https:\/\/azamicale09.fr\/wp-content\/uploads\/2024\/08\/R8.png","width":542,"height":391},{"@type":"BreadcrumbList","@id":"https:\/\/azamicale09.fr\/index.php\/fonctionnement\/#breadcrumb","itemListElement":[{"@type":"ListItem","position":1,"name":"Accueil","item":"https:\/\/azamicale09.fr\/"},{"@type":"ListItem","position":2,"name":"Fonctionnement"}]},{"@type":"WebSite","@id":"https:\/\/azamicale09.fr\/#website","url":"https:\/\/azamicale09.fr\/","name":"AZ Amicale Pamiers (09)","description":"Rassemble des Passionn\u00e9s de v\u00e9hicules anciens","publisher":{"@id":"https:\/\/azamicale09.fr\/#organization"},"potentialAction":[{"@type":"SearchAction","target":{"@type":"EntryPoint","urlTemplate":"https:\/\/azamicale09.fr\/?s={search_term_string}"},"query-input":{"@type":"PropertyValueSpecification","valueRequired":true,"valueName":"search_term_string"}}],"inLanguage":"fr-FR"},{"@type":"Organization","@id":"https:\/\/azamicale09.fr\/#organization","name":"AZ Amicale Pamiers (09)","url":"https:\/\/azamicale09.fr\/","logo":{"@type":"ImageObject","inLanguage":"fr-FR","@id":"https:\/\/azamicale09.fr\/#\/schema\/logo\/image\/","url":"https:\/\/azamicale09.fr\/wp-content\/uploads\/2024\/08\/cropped-Logo-AZA.png","contentUrl":"https:\/\/azamicale09.fr\/wp-content\/uploads\/2024\/08\/cropped-Logo-AZA.png","width":310,"height":395,"caption":"AZ Amicale Pamiers (09)"},"image":{"@id":"https:\/\/azamicale09.fr\/#\/schema\/logo\/image\/"}}]}},"_links":{"self":[{"href":"https:\/\/azamicale09.fr\/index.php\/wp-json\/wp\/v2\/pages\/63","targetHints":{"allow":["GET"]}}],"collection":[{"href":"https:\/\/azamicale09.fr\/index.php\/wp-json\/wp\/v2\/pages"}],"about":[{"href":"https:\/\/azamicale09.fr\/index.php\/wp-json\/wp\/v2\/types\/page"}],"author":[{"embeddable":true,"href":"https:\/\/azamicale09.fr\/index.php\/wp-json\/wp\/v2\/users\/1"}],"replies":[{"embeddable":true,"href":"https:\/\/azamicale09.fr\/index.php\/wp-json\/wp\/v2\/comments?post=63"}],"version-history":[{"count":17,"href":"https:\/\/azamicale09.fr\/index.php\/wp-json\/wp\/v2\/pages\/63\/revisions"}],"predecessor-version":[{"id":986,"href":"https:\/\/azamicale09.fr\/index.php\/wp-json\/wp\/v2\/pages\/63\/revisions\/986"}],"wp:attachment":[{"href":"https:\/\/azamicale09.fr\/index.php\/wp-json\/wp\/v2\/media?parent=63"}],"curies":[{"name":"wp","href":"https:\/\/api.w.org\/{rel}","templated":true}]}}