{"id":731,"date":"2024-09-06T11:38:32","date_gmt":"2024-09-06T09:38:32","guid":{"rendered":"https:\/\/azamicale09.fr\/?page_id=731"},"modified":"2025-01-25T10:16:51","modified_gmt":"2025-01-25T09:16:51","slug":"731-2","status":"publish","type":"page","link":"https:\/\/azamicale09.fr\/index.php\/731-2\/","title":{"rendered":"Contact"},"content":{"rendered":"\n<p class=\"has-text-align-center has-large-font-size\"><\/p>\n\n\n\n<div class=\"wp-block-cover is-light\" style=\"min-height:434px;aspect-ratio:unset;\"><span aria-hidden=\"true\" class=\"wp-block-cover__background has-background-dim\" style=\"background-color:#d3c1c0\"><\/span><img loading=\"lazy\" decoding=\"async\" width=\"541\" height=\"231\" class=\"wp-block-cover__image-background wp-image-737\" alt=\"\" src=\"https:\/\/azamicale09.fr\/wp-content\/uploads\/2024\/09\/Sprint.png\" data-object-fit=\"cover\" srcset=\"https:\/\/azamicale09.fr\/wp-content\/uploads\/2024\/09\/Sprint.png 541w, https:\/\/azamicale09.fr\/wp-content\/uploads\/2024\/09\/Sprint-300x128.png 300w, https:\/\/azamicale09.fr\/wp-content\/uploads\/2024\/09\/Sprint-457x195.png 457w\" sizes=\"auto, (max-width: 541px) 100vw, 541px\" \/><div class=\"wp-block-cover__inner-container is-layout-constrained wp-block-cover-is-layout-constrained\">\n<p class=\"has-text-align-center has-large-font-size\"><\/p>\n<\/div><\/div>\n\n\n\n<p>Pour plus de renseignements, d\u00e9tails, merci de nous envoyer un mail \u00e0 l&rsquo;adresse suivante ou de t\u00e9l\u00e9phoner. Nous vous y r\u00e9pondrons dans les plus brefs d\u00e9lais.<\/p>\n\n\n\n<p><a href=\"mailto:azamicale09@protonmail.com\">azamicale09@protonmail.com<\/a> <\/p>\n\n\n\n<p>Guy DEJEAN au 06 10 78 29 36<\/p>\n\n\n\n<p>David VITTER au 06 19 77 08 08<\/p>\n\n\n\n<p><\/p>\n","protected":false},"excerpt":{"rendered":"<p>Pour plus de renseignements, d\u00e9tails, merci de nous envoyer un mail \u00e0 l&rsquo;adresse suivante ou de t\u00e9l\u00e9phoner. Nous vous y r\u00e9pondrons dans les plus brefs d\u00e9lais. azamicale09@protonmail.com Guy DEJEAN au &hellip;<\/p>\n","protected":false},"author":1,"featured_media":0,"parent":0,"menu_order":10,"comment_status":"closed","ping_status":"closed","template":"","meta":{"footnotes":""},"class_list":["post-731","page","type-page","status-publish","hentry"],"yoast_head":"<!-- This site is optimized with the Yoast SEO plugin v27.5 - https:\/\/yoast.com\/product\/yoast-seo-wordpress\/ -->\n<title>Contact - AZ Amicale Pamiers (09)<\/title>\n<meta name=\"robots\" content=\"index, follow, max-snippet:-1, max-image-preview:large, max-video-preview:-1\" \/>\n<link rel=\"canonical\" href=\"https:\/\/azamicale09.fr\/index.php\/731-2\/\" \/>\n<meta property=\"og:locale\" content=\"fr_FR\" \/>\n<meta property=\"og:type\" content=\"article\" \/>\n<meta property=\"og:title\" content=\"Contact - AZ Amicale Pamiers (09)\" \/>\n<meta property=\"og:description\" content=\"Pour plus de renseignements, d\u00e9tails, merci de nous envoyer un mail \u00e0 l&rsquo;adresse suivante ou de t\u00e9l\u00e9phoner. Nous vous y r\u00e9pondrons dans les plus brefs d\u00e9lais. azamicale09@protonmail.com Guy DEJEAN au &hellip;\" \/>\n<meta property=\"og:url\" content=\"https:\/\/azamicale09.fr\/index.php\/731-2\/\" \/>\n<meta property=\"og:site_name\" content=\"AZ Amicale Pamiers (09)\" \/>\n<meta property=\"article:modified_time\" content=\"2025-01-25T09:16:51+00:00\" \/>\n<meta property=\"og:image\" content=\"https:\/\/azamicale09.fr\/wp-content\/uploads\/2024\/09\/Sprint.png\" \/>\n\t<meta property=\"og:image:width\" content=\"541\" \/>\n\t<meta property=\"og:image:height\" content=\"231\" \/>\n\t<meta property=\"og:image:type\" content=\"image\/png\" \/>\n<meta name=\"twitter:card\" content=\"summary_large_image\" \/>\n<script type=\"application\/ld+json\" class=\"yoast-schema-graph\">{\"@context\":\"https:\\\/\\\/schema.org\",\"@graph\":[{\"@type\":\"WebPage\",\"@id\":\"https:\\\/\\\/azamicale09.fr\\\/index.php\\\/731-2\\\/\",\"url\":\"https:\\\/\\\/azamicale09.fr\\\/index.php\\\/731-2\\\/\",\"name\":\"Contact - AZ Amicale Pamiers (09)\",\"isPartOf\":{\"@id\":\"https:\\\/\\\/azamicale09.fr\\\/#website\"},\"primaryImageOfPage\":{\"@id\":\"https:\\\/\\\/azamicale09.fr\\\/index.php\\\/731-2\\\/#primaryimage\"},\"image\":{\"@id\":\"https:\\\/\\\/azamicale09.fr\\\/index.php\\\/731-2\\\/#primaryimage\"},\"thumbnailUrl\":\"https:\\\/\\\/azamicale09.fr\\\/wp-content\\\/uploads\\\/2024\\\/09\\\/Sprint.png\",\"datePublished\":\"2024-09-06T09:38:32+00:00\",\"dateModified\":\"2025-01-25T09:16:51+00:00\",\"breadcrumb\":{\"@id\":\"https:\\\/\\\/azamicale09.fr\\\/index.php\\\/731-2\\\/#breadcrumb\"},\"inLanguage\":\"fr-FR\",\"potentialAction\":[{\"@type\":\"ReadAction\",\"target\":[\"https:\\\/\\\/azamicale09.fr\\\/index.php\\\/731-2\\\/\"]}]},{\"@type\":\"ImageObject\",\"inLanguage\":\"fr-FR\",\"@id\":\"https:\\\/\\\/azamicale09.fr\\\/index.php\\\/731-2\\\/#primaryimage\",\"url\":\"https:\\\/\\\/azamicale09.fr\\\/wp-content\\\/uploads\\\/2024\\\/09\\\/Sprint.png\",\"contentUrl\":\"https:\\\/\\\/azamicale09.fr\\\/wp-content\\\/uploads\\\/2024\\\/09\\\/Sprint.png\",\"width\":541,\"height\":231},{\"@type\":\"BreadcrumbList\",\"@id\":\"https:\\\/\\\/azamicale09.fr\\\/index.php\\\/731-2\\\/#breadcrumb\",\"itemListElement\":[{\"@type\":\"ListItem\",\"position\":1,\"name\":\"Accueil\",\"item\":\"https:\\\/\\\/azamicale09.fr\\\/\"},{\"@type\":\"ListItem\",\"position\":2,\"name\":\"Contact\"}]},{\"@type\":\"WebSite\",\"@id\":\"https:\\\/\\\/azamicale09.fr\\\/#website\",\"url\":\"https:\\\/\\\/azamicale09.fr\\\/\",\"name\":\"AZ Amicale Pamiers (09)\",\"description\":\"Rassemble des Passionn\u00e9s de v\u00e9hicules anciens\",\"publisher\":{\"@id\":\"https:\\\/\\\/azamicale09.fr\\\/#organization\"},\"potentialAction\":[{\"@type\":\"SearchAction\",\"target\":{\"@type\":\"EntryPoint\",\"urlTemplate\":\"https:\\\/\\\/azamicale09.fr\\\/?s={search_term_string}\"},\"query-input\":{\"@type\":\"PropertyValueSpecification\",\"valueRequired\":true,\"valueName\":\"search_term_string\"}}],\"inLanguage\":\"fr-FR\"},{\"@type\":\"Organization\",\"@id\":\"https:\\\/\\\/azamicale09.fr\\\/#organization\",\"name\":\"AZ Amicale Pamiers (09)\",\"url\":\"https:\\\/\\\/azamicale09.fr\\\/\",\"logo\":{\"@type\":\"ImageObject\",\"inLanguage\":\"fr-FR\",\"@id\":\"https:\\\/\\\/azamicale09.fr\\\/#\\\/schema\\\/logo\\\/image\\\/\",\"url\":\"https:\\\/\\\/azamicale09.fr\\\/wp-content\\\/uploads\\\/2024\\\/08\\\/cropped-Logo-AZA.png\",\"contentUrl\":\"https:\\\/\\\/azamicale09.fr\\\/wp-content\\\/uploads\\\/2024\\\/08\\\/cropped-Logo-AZA.png\",\"width\":310,\"height\":395,\"caption\":\"AZ Amicale Pamiers (09)\"},\"image\":{\"@id\":\"https:\\\/\\\/azamicale09.fr\\\/#\\\/schema\\\/logo\\\/image\\\/\"}}]}<\/script>\n<!-- \/ Yoast SEO plugin. -->","yoast_head_json":{"title":"Contact - AZ Amicale Pamiers (09)","robots":{"index":"index","follow":"follow","max-snippet":"max-snippet:-1","max-image-preview":"max-image-preview:large","max-video-preview":"max-video-preview:-1"},"canonical":"https:\/\/azamicale09.fr\/index.php\/731-2\/","og_locale":"fr_FR","og_type":"article","og_title":"Contact - AZ Amicale Pamiers (09)","og_description":"Pour plus de renseignements, d\u00e9tails, merci de nous envoyer un mail \u00e0 l&rsquo;adresse suivante ou de t\u00e9l\u00e9phoner. Nous vous y r\u00e9pondrons dans les plus brefs d\u00e9lais. azamicale09@protonmail.com Guy DEJEAN au &hellip;","og_url":"https:\/\/azamicale09.fr\/index.php\/731-2\/","og_site_name":"AZ Amicale Pamiers (09)","article_modified_time":"2025-01-25T09:16:51+00:00","og_image":[{"width":541,"height":231,"url":"https:\/\/azamicale09.fr\/wp-content\/uploads\/2024\/09\/Sprint.png","type":"image\/png"}],"twitter_card":"summary_large_image","schema":{"@context":"https:\/\/schema.org","@graph":[{"@type":"WebPage","@id":"https:\/\/azamicale09.fr\/index.php\/731-2\/","url":"https:\/\/azamicale09.fr\/index.php\/731-2\/","name":"Contact - AZ Amicale Pamiers (09)","isPartOf":{"@id":"https:\/\/azamicale09.fr\/#website"},"primaryImageOfPage":{"@id":"https:\/\/azamicale09.fr\/index.php\/731-2\/#primaryimage"},"image":{"@id":"https:\/\/azamicale09.fr\/index.php\/731-2\/#primaryimage"},"thumbnailUrl":"https:\/\/azamicale09.fr\/wp-content\/uploads\/2024\/09\/Sprint.png","datePublished":"2024-09-06T09:38:32+00:00","dateModified":"2025-01-25T09:16:51+00:00","breadcrumb":{"@id":"https:\/\/azamicale09.fr\/index.php\/731-2\/#breadcrumb"},"inLanguage":"fr-FR","potentialAction":[{"@type":"ReadAction","target":["https:\/\/azamicale09.fr\/index.php\/731-2\/"]}]},{"@type":"ImageObject","inLanguage":"fr-FR","@id":"https:\/\/azamicale09.fr\/index.php\/731-2\/#primaryimage","url":"https:\/\/azamicale09.fr\/wp-content\/uploads\/2024\/09\/Sprint.png","contentUrl":"https:\/\/azamicale09.fr\/wp-content\/uploads\/2024\/09\/Sprint.png","width":541,"height":231},{"@type":"BreadcrumbList","@id":"https:\/\/azamicale09.fr\/index.php\/731-2\/#breadcrumb","itemListElement":[{"@type":"ListItem","position":1,"name":"Accueil","item":"https:\/\/azamicale09.fr\/"},{"@type":"ListItem","position":2,"name":"Contact"}]},{"@type":"WebSite","@id":"https:\/\/azamicale09.fr\/#website","url":"https:\/\/azamicale09.fr\/","name":"AZ Amicale Pamiers (09)","description":"Rassemble des Passionn\u00e9s de v\u00e9hicules anciens","publisher":{"@id":"https:\/\/azamicale09.fr\/#organization"},"potentialAction":[{"@type":"SearchAction","target":{"@type":"EntryPoint","urlTemplate":"https:\/\/azamicale09.fr\/?s={search_term_string}"},"query-input":{"@type":"PropertyValueSpecification","valueRequired":true,"valueName":"search_term_string"}}],"inLanguage":"fr-FR"},{"@type":"Organization","@id":"https:\/\/azamicale09.fr\/#organization","name":"AZ Amicale Pamiers (09)","url":"https:\/\/azamicale09.fr\/","logo":{"@type":"ImageObject","inLanguage":"fr-FR","@id":"https:\/\/azamicale09.fr\/#\/schema\/logo\/image\/","url":"https:\/\/azamicale09.fr\/wp-content\/uploads\/2024\/08\/cropped-Logo-AZA.png","contentUrl":"https:\/\/azamicale09.fr\/wp-content\/uploads\/2024\/08\/cropped-Logo-AZA.png","width":310,"height":395,"caption":"AZ Amicale Pamiers (09)"},"image":{"@id":"https:\/\/azamicale09.fr\/#\/schema\/logo\/image\/"}}]}},"_links":{"self":[{"href":"https:\/\/azamicale09.fr\/index.php\/wp-json\/wp\/v2\/pages\/731","targetHints":{"allow":["GET"]}}],"collection":[{"href":"https:\/\/azamicale09.fr\/index.php\/wp-json\/wp\/v2\/pages"}],"about":[{"href":"https:\/\/azamicale09.fr\/index.php\/wp-json\/wp\/v2\/types\/page"}],"author":[{"embeddable":true,"href":"https:\/\/azamicale09.fr\/index.php\/wp-json\/wp\/v2\/users\/1"}],"replies":[{"embeddable":true,"href":"https:\/\/azamicale09.fr\/index.php\/wp-json\/wp\/v2\/comments?post=731"}],"version-history":[{"count":10,"href":"https:\/\/azamicale09.fr\/index.php\/wp-json\/wp\/v2\/pages\/731\/revisions"}],"predecessor-version":[{"id":922,"href":"https:\/\/azamicale09.fr\/index.php\/wp-json\/wp\/v2\/pages\/731\/revisions\/922"}],"wp:attachment":[{"href":"https:\/\/azamicale09.fr\/index.php\/wp-json\/wp\/v2\/media?parent=731"}],"curies":[{"name":"wp","href":"https:\/\/api.w.org\/{rel}","templated":true}]}}