{"id":927,"date":"2025-02-10T19:26:16","date_gmt":"2025-02-10T18:26:16","guid":{"rendered":"https:\/\/azamicale09.fr\/?page_id=927"},"modified":"2025-02-10T20:28:26","modified_gmt":"2025-02-10T19:28:26","slug":"goodies","status":"publish","type":"page","link":"https:\/\/azamicale09.fr\/index.php\/goodies\/","title":{"rendered":"GOODIES"},"content":{"rendered":"\n<p>Tous les GOODIES sont en vente au local de l&rsquo;AZA lors de sortie ou autres manifestations. Les paiements se font par ch\u00e8ques ou esp\u00e8ces.<\/p>\n\n\n\n<p><\/p>\n\n\n\n<h2 class=\"wp-block-heading\"><strong>VETEMENTS DU CLUB <\/strong><\/h2>\n\n\n\n<p>Vous y trouverez ci-dessous, tous les v\u00eatements disponible ainsi que les prix associ\u00e9s. <\/p>\n\n\n\n<p>En cas de besoin, se r\u00e9f\u00e9rer au bon de commande pour en conna\u00eetre les modalit\u00e9s.<\/p>\n\n\n\n<div class=\"wp-block-group\"><div class=\"wp-block-group__inner-container is-layout-constrained wp-block-group-is-layout-constrained\">\n<div class=\"wp-block-group\"><div class=\"wp-block-group__inner-container is-layout-constrained wp-block-group-is-layout-constrained\">\n<div class=\"wp-block-group\"><div class=\"wp-block-group__inner-container is-layout-constrained wp-block-group-is-layout-constrained\">\n<figure class=\"wp-block-image size-large is-resized\"><img loading=\"lazy\" decoding=\"async\" width=\"734\" height=\"1024\" src=\"https:\/\/azamicale09.fr\/wp-content\/uploads\/2025\/02\/IMG_9800-734x1024.jpg\" alt=\"\" class=\"wp-image-931\" style=\"width:782px;height:auto\" srcset=\"https:\/\/azamicale09.fr\/wp-content\/uploads\/2025\/02\/IMG_9800-734x1024.jpg 734w, https:\/\/azamicale09.fr\/wp-content\/uploads\/2025\/02\/IMG_9800-215x300.jpg 215w, https:\/\/azamicale09.fr\/wp-content\/uploads\/2025\/02\/IMG_9800-768x1071.jpg 768w, https:\/\/azamicale09.fr\/wp-content\/uploads\/2025\/02\/IMG_9800-1102x1536.jpg 1102w, https:\/\/azamicale09.fr\/wp-content\/uploads\/2025\/02\/IMG_9800.jpg 1283w\" sizes=\"auto, (max-width: 734px) 100vw, 734px\" \/><\/figure>\n<\/div><\/div>\n<\/div><\/div>\n<\/div><\/div>\n\n\n\n<figure class=\"wp-block-image size-large is-resized\"><img loading=\"lazy\" decoding=\"async\" width=\"759\" height=\"1024\" src=\"https:\/\/azamicale09.fr\/wp-content\/uploads\/2025\/02\/IMG_9801-4-759x1024.jpg\" alt=\"\" class=\"wp-image-939\" style=\"width:779px;height:auto\" srcset=\"https:\/\/azamicale09.fr\/wp-content\/uploads\/2025\/02\/IMG_9801-4-759x1024.jpg 759w, https:\/\/azamicale09.fr\/wp-content\/uploads\/2025\/02\/IMG_9801-4-222x300.jpg 222w, https:\/\/azamicale09.fr\/wp-content\/uploads\/2025\/02\/IMG_9801-4-768x1036.jpg 768w, https:\/\/azamicale09.fr\/wp-content\/uploads\/2025\/02\/IMG_9801-4-1139x1536.jpg 1139w, https:\/\/azamicale09.fr\/wp-content\/uploads\/2025\/02\/IMG_9801-4.jpg 1284w\" sizes=\"auto, (max-width: 759px) 100vw, 759px\" \/><\/figure>\n\n\n\n<p><\/p>\n\n\n\n<h2 class=\"wp-block-heading\"><strong>PLAQUES DE CALANDRES<\/strong><\/h2>\n\n\n\n<p>Ces plaques de calandres, relief 3D avec \u00e9maillage 4 couleurs, deux tiges filet\u00e9es et \u00e9crous de dimension 70X88mm sur 3mm d&rsquo;\u00e9paisseur<\/p>\n\n\n\n<p>Finition bronze fixation par tiges filet\u00e9es sont vendues au tarif de : <strong><mark style=\"background-color:#cf4646\" class=\"has-inline-color\">21\u20ac<\/mark><\/strong><\/p>\n\n\n\n<div class=\"wp-block-group is-nowrap is-layout-flex wp-container-core-group-is-layout-ad2f72ca wp-block-group-is-layout-flex\">\n<div class=\"wp-block-group\"><div class=\"wp-block-group__inner-container is-layout-constrained wp-block-group-is-layout-constrained\">\n<figure class=\"wp-block-image size-large\"><img loading=\"lazy\" decoding=\"async\" width=\"768\" height=\"1024\" src=\"https:\/\/azamicale09.fr\/wp-content\/uploads\/2025\/02\/IMG_9796-1-768x1024.jpg\" alt=\"\" class=\"wp-image-943\" srcset=\"https:\/\/azamicale09.fr\/wp-content\/uploads\/2025\/02\/IMG_9796-1-768x1024.jpg 768w, https:\/\/azamicale09.fr\/wp-content\/uploads\/2025\/02\/IMG_9796-1-225x300.jpg 225w, https:\/\/azamicale09.fr\/wp-content\/uploads\/2025\/02\/IMG_9796-1-1152x1536.jpg 1152w, https:\/\/azamicale09.fr\/wp-content\/uploads\/2025\/02\/IMG_9796-1-1536x2048.jpg 1536w, https:\/\/azamicale09.fr\/wp-content\/uploads\/2025\/02\/IMG_9796-1-scaled.jpg 1920w\" sizes=\"auto, (max-width: 768px) 100vw, 768px\" \/><\/figure>\n<\/div><\/div>\n\n\n\n<figure class=\"wp-block-image size-large is-resized\"><img loading=\"lazy\" decoding=\"async\" width=\"768\" height=\"1024\" src=\"https:\/\/azamicale09.fr\/wp-content\/uploads\/2025\/02\/IMG_9795-768x1024.jpg\" alt=\"\" class=\"wp-image-934\" style=\"width:378px;height:auto\" srcset=\"https:\/\/azamicale09.fr\/wp-content\/uploads\/2025\/02\/IMG_9795-768x1024.jpg 768w, https:\/\/azamicale09.fr\/wp-content\/uploads\/2025\/02\/IMG_9795-225x300.jpg 225w, https:\/\/azamicale09.fr\/wp-content\/uploads\/2025\/02\/IMG_9795-1152x1536.jpg 1152w, https:\/\/azamicale09.fr\/wp-content\/uploads\/2025\/02\/IMG_9795-1536x2048.jpg 1536w, https:\/\/azamicale09.fr\/wp-content\/uploads\/2025\/02\/IMG_9795-scaled.jpg 1920w\" sizes=\"auto, (max-width: 768px) 100vw, 768px\" \/><\/figure>\n<\/div>\n\n\n\n<p><\/p>\n\n\n\n<div class=\"wp-block-media-text is-stacked-on-mobile\" style=\"grid-template-columns:26% auto\"><figure class=\"wp-block-media-text__media\"><img loading=\"lazy\" decoding=\"async\" width=\"768\" height=\"1024\" src=\"https:\/\/azamicale09.fr\/wp-content\/uploads\/2025\/02\/IMG_9798-1-768x1024.jpg\" alt=\"\" class=\"wp-image-942 size-full\" srcset=\"https:\/\/azamicale09.fr\/wp-content\/uploads\/2025\/02\/IMG_9798-1-768x1024.jpg 768w, https:\/\/azamicale09.fr\/wp-content\/uploads\/2025\/02\/IMG_9798-1-225x300.jpg 225w, https:\/\/azamicale09.fr\/wp-content\/uploads\/2025\/02\/IMG_9798-1-1152x1536.jpg 1152w, https:\/\/azamicale09.fr\/wp-content\/uploads\/2025\/02\/IMG_9798-1-1536x2048.jpg 1536w, https:\/\/azamicale09.fr\/wp-content\/uploads\/2025\/02\/IMG_9798-1-scaled.jpg 1920w\" sizes=\"auto, (max-width: 768px) 100vw, 768px\" \/><\/figure><div class=\"wp-block-media-text__content\">\n<p>Gobelets en plastique vendus au tarif de <strong><mark style=\"background-color:#e02b2b\" class=\"has-inline-color\">1\u20ac<\/mark><\/strong><\/p>\n<\/div><\/div>\n\n\n\n<div class=\"wp-block-media-text is-stacked-on-mobile\" style=\"grid-template-columns:26% auto\"><figure class=\"wp-block-media-text__media\"><img loading=\"lazy\" decoding=\"async\" width=\"768\" height=\"1024\" src=\"https:\/\/azamicale09.fr\/wp-content\/uploads\/2025\/02\/IMG_9797-768x1024.jpg\" alt=\"\" class=\"wp-image-945 size-full\" srcset=\"https:\/\/azamicale09.fr\/wp-content\/uploads\/2025\/02\/IMG_9797-768x1024.jpg 768w, https:\/\/azamicale09.fr\/wp-content\/uploads\/2025\/02\/IMG_9797-225x300.jpg 225w, https:\/\/azamicale09.fr\/wp-content\/uploads\/2025\/02\/IMG_9797-1152x1536.jpg 1152w, https:\/\/azamicale09.fr\/wp-content\/uploads\/2025\/02\/IMG_9797-1536x2048.jpg 1536w, https:\/\/azamicale09.fr\/wp-content\/uploads\/2025\/02\/IMG_9797-scaled.jpg 1920w\" sizes=\"auto, (max-width: 768px) 100vw, 768px\" \/><\/figure><div class=\"wp-block-media-text__content\">\n<p>Porte-clefs en m\u00e9tal, relief 3D, vendus au tarif de <strong><mark style=\"background-color:#e02b2b\" class=\"has-inline-color\">2\u20ac<\/mark><\/strong><\/p>\n<\/div><\/div>\n\n\n\n<p><\/p>\n","protected":false},"excerpt":{"rendered":"<p>Tous les GOODIES sont en vente au local de l&rsquo;AZA lors de sortie ou autres manifestations. Les paiements se font par ch\u00e8ques ou esp\u00e8ces. VETEMENTS DU CLUB Vous y trouverez &hellip;<\/p>\n","protected":false},"author":1,"featured_media":0,"parent":0,"menu_order":0,"comment_status":"closed","ping_status":"closed","template":"","meta":{"footnotes":""},"class_list":["post-927","page","type-page","status-publish","hentry"],"yoast_head":"<!-- This site is optimized with the Yoast SEO plugin v27.4 - https:\/\/yoast.com\/product\/yoast-seo-wordpress\/ -->\n<title>GOODIES - AZ Amicale Pamiers (09)<\/title>\n<meta name=\"robots\" content=\"index, follow, max-snippet:-1, max-image-preview:large, max-video-preview:-1\" \/>\n<link rel=\"canonical\" href=\"https:\/\/azamicale09.fr\/index.php\/goodies\/\" \/>\n<meta property=\"og:locale\" content=\"fr_FR\" \/>\n<meta property=\"og:type\" content=\"article\" \/>\n<meta property=\"og:title\" content=\"GOODIES - AZ Amicale Pamiers (09)\" \/>\n<meta property=\"og:description\" content=\"Tous les GOODIES sont en vente au local de l&rsquo;AZA lors de sortie ou autres manifestations. Les paiements se font par ch\u00e8ques ou esp\u00e8ces. VETEMENTS DU CLUB Vous y trouverez &hellip;\" \/>\n<meta property=\"og:url\" content=\"https:\/\/azamicale09.fr\/index.php\/goodies\/\" \/>\n<meta property=\"og:site_name\" content=\"AZ Amicale Pamiers (09)\" \/>\n<meta property=\"article:modified_time\" content=\"2025-02-10T19:28:26+00:00\" \/>\n<meta property=\"og:image\" content=\"https:\/\/azamicale09.fr\/wp-content\/uploads\/2025\/02\/IMG_9800.jpg\" \/>\n\t<meta property=\"og:image:width\" content=\"1283\" \/>\n\t<meta property=\"og:image:height\" content=\"1789\" \/>\n\t<meta property=\"og:image:type\" content=\"image\/jpeg\" \/>\n<meta name=\"twitter:card\" content=\"summary_large_image\" \/>\n<meta name=\"twitter:label1\" content=\"Dur\u00e9e de lecture estim\u00e9e\" \/>\n\t<meta name=\"twitter:data1\" content=\"1 minute\" \/>\n<script type=\"application\/ld+json\" class=\"yoast-schema-graph\">{\"@context\":\"https:\\\/\\\/schema.org\",\"@graph\":[{\"@type\":\"WebPage\",\"@id\":\"https:\\\/\\\/azamicale09.fr\\\/index.php\\\/goodies\\\/\",\"url\":\"https:\\\/\\\/azamicale09.fr\\\/index.php\\\/goodies\\\/\",\"name\":\"GOODIES - AZ Amicale Pamiers (09)\",\"isPartOf\":{\"@id\":\"https:\\\/\\\/azamicale09.fr\\\/#website\"},\"primaryImageOfPage\":{\"@id\":\"https:\\\/\\\/azamicale09.fr\\\/index.php\\\/goodies\\\/#primaryimage\"},\"image\":{\"@id\":\"https:\\\/\\\/azamicale09.fr\\\/index.php\\\/goodies\\\/#primaryimage\"},\"thumbnailUrl\":\"https:\\\/\\\/azamicale09.fr\\\/wp-content\\\/uploads\\\/2025\\\/02\\\/IMG_9800-734x1024.jpg\",\"datePublished\":\"2025-02-10T18:26:16+00:00\",\"dateModified\":\"2025-02-10T19:28:26+00:00\",\"breadcrumb\":{\"@id\":\"https:\\\/\\\/azamicale09.fr\\\/index.php\\\/goodies\\\/#breadcrumb\"},\"inLanguage\":\"fr-FR\",\"potentialAction\":[{\"@type\":\"ReadAction\",\"target\":[\"https:\\\/\\\/azamicale09.fr\\\/index.php\\\/goodies\\\/\"]}]},{\"@type\":\"ImageObject\",\"inLanguage\":\"fr-FR\",\"@id\":\"https:\\\/\\\/azamicale09.fr\\\/index.php\\\/goodies\\\/#primaryimage\",\"url\":\"https:\\\/\\\/azamicale09.fr\\\/wp-content\\\/uploads\\\/2025\\\/02\\\/IMG_9800.jpg\",\"contentUrl\":\"https:\\\/\\\/azamicale09.fr\\\/wp-content\\\/uploads\\\/2025\\\/02\\\/IMG_9800.jpg\",\"width\":1283,\"height\":1789,\"caption\":\"Screenshot\"},{\"@type\":\"BreadcrumbList\",\"@id\":\"https:\\\/\\\/azamicale09.fr\\\/index.php\\\/goodies\\\/#breadcrumb\",\"itemListElement\":[{\"@type\":\"ListItem\",\"position\":1,\"name\":\"Accueil\",\"item\":\"https:\\\/\\\/azamicale09.fr\\\/\"},{\"@type\":\"ListItem\",\"position\":2,\"name\":\"GOODIES\"}]},{\"@type\":\"WebSite\",\"@id\":\"https:\\\/\\\/azamicale09.fr\\\/#website\",\"url\":\"https:\\\/\\\/azamicale09.fr\\\/\",\"name\":\"AZ Amicale Pamiers (09)\",\"description\":\"Rassemble des Passionn\u00e9s de v\u00e9hicules anciens\",\"publisher\":{\"@id\":\"https:\\\/\\\/azamicale09.fr\\\/#organization\"},\"potentialAction\":[{\"@type\":\"SearchAction\",\"target\":{\"@type\":\"EntryPoint\",\"urlTemplate\":\"https:\\\/\\\/azamicale09.fr\\\/?s={search_term_string}\"},\"query-input\":{\"@type\":\"PropertyValueSpecification\",\"valueRequired\":true,\"valueName\":\"search_term_string\"}}],\"inLanguage\":\"fr-FR\"},{\"@type\":\"Organization\",\"@id\":\"https:\\\/\\\/azamicale09.fr\\\/#organization\",\"name\":\"AZ Amicale Pamiers (09)\",\"url\":\"https:\\\/\\\/azamicale09.fr\\\/\",\"logo\":{\"@type\":\"ImageObject\",\"inLanguage\":\"fr-FR\",\"@id\":\"https:\\\/\\\/azamicale09.fr\\\/#\\\/schema\\\/logo\\\/image\\\/\",\"url\":\"https:\\\/\\\/azamicale09.fr\\\/wp-content\\\/uploads\\\/2024\\\/08\\\/cropped-Logo-AZA.png\",\"contentUrl\":\"https:\\\/\\\/azamicale09.fr\\\/wp-content\\\/uploads\\\/2024\\\/08\\\/cropped-Logo-AZA.png\",\"width\":310,\"height\":395,\"caption\":\"AZ Amicale Pamiers (09)\"},\"image\":{\"@id\":\"https:\\\/\\\/azamicale09.fr\\\/#\\\/schema\\\/logo\\\/image\\\/\"}}]}<\/script>\n<!-- \/ Yoast SEO plugin. -->","yoast_head_json":{"title":"GOODIES - AZ Amicale Pamiers (09)","robots":{"index":"index","follow":"follow","max-snippet":"max-snippet:-1","max-image-preview":"max-image-preview:large","max-video-preview":"max-video-preview:-1"},"canonical":"https:\/\/azamicale09.fr\/index.php\/goodies\/","og_locale":"fr_FR","og_type":"article","og_title":"GOODIES - AZ Amicale Pamiers (09)","og_description":"Tous les GOODIES sont en vente au local de l&rsquo;AZA lors de sortie ou autres manifestations. Les paiements se font par ch\u00e8ques ou esp\u00e8ces. VETEMENTS DU CLUB Vous y trouverez &hellip;","og_url":"https:\/\/azamicale09.fr\/index.php\/goodies\/","og_site_name":"AZ Amicale Pamiers (09)","article_modified_time":"2025-02-10T19:28:26+00:00","og_image":[{"width":1283,"height":1789,"url":"https:\/\/azamicale09.fr\/wp-content\/uploads\/2025\/02\/IMG_9800.jpg","type":"image\/jpeg"}],"twitter_card":"summary_large_image","twitter_misc":{"Dur\u00e9e de lecture estim\u00e9e":"1 minute"},"schema":{"@context":"https:\/\/schema.org","@graph":[{"@type":"WebPage","@id":"https:\/\/azamicale09.fr\/index.php\/goodies\/","url":"https:\/\/azamicale09.fr\/index.php\/goodies\/","name":"GOODIES - AZ Amicale Pamiers (09)","isPartOf":{"@id":"https:\/\/azamicale09.fr\/#website"},"primaryImageOfPage":{"@id":"https:\/\/azamicale09.fr\/index.php\/goodies\/#primaryimage"},"image":{"@id":"https:\/\/azamicale09.fr\/index.php\/goodies\/#primaryimage"},"thumbnailUrl":"https:\/\/azamicale09.fr\/wp-content\/uploads\/2025\/02\/IMG_9800-734x1024.jpg","datePublished":"2025-02-10T18:26:16+00:00","dateModified":"2025-02-10T19:28:26+00:00","breadcrumb":{"@id":"https:\/\/azamicale09.fr\/index.php\/goodies\/#breadcrumb"},"inLanguage":"fr-FR","potentialAction":[{"@type":"ReadAction","target":["https:\/\/azamicale09.fr\/index.php\/goodies\/"]}]},{"@type":"ImageObject","inLanguage":"fr-FR","@id":"https:\/\/azamicale09.fr\/index.php\/goodies\/#primaryimage","url":"https:\/\/azamicale09.fr\/wp-content\/uploads\/2025\/02\/IMG_9800.jpg","contentUrl":"https:\/\/azamicale09.fr\/wp-content\/uploads\/2025\/02\/IMG_9800.jpg","width":1283,"height":1789,"caption":"Screenshot"},{"@type":"BreadcrumbList","@id":"https:\/\/azamicale09.fr\/index.php\/goodies\/#breadcrumb","itemListElement":[{"@type":"ListItem","position":1,"name":"Accueil","item":"https:\/\/azamicale09.fr\/"},{"@type":"ListItem","position":2,"name":"GOODIES"}]},{"@type":"WebSite","@id":"https:\/\/azamicale09.fr\/#website","url":"https:\/\/azamicale09.fr\/","name":"AZ Amicale Pamiers (09)","description":"Rassemble des Passionn\u00e9s de v\u00e9hicules anciens","publisher":{"@id":"https:\/\/azamicale09.fr\/#organization"},"potentialAction":[{"@type":"SearchAction","target":{"@type":"EntryPoint","urlTemplate":"https:\/\/azamicale09.fr\/?s={search_term_string}"},"query-input":{"@type":"PropertyValueSpecification","valueRequired":true,"valueName":"search_term_string"}}],"inLanguage":"fr-FR"},{"@type":"Organization","@id":"https:\/\/azamicale09.fr\/#organization","name":"AZ Amicale Pamiers (09)","url":"https:\/\/azamicale09.fr\/","logo":{"@type":"ImageObject","inLanguage":"fr-FR","@id":"https:\/\/azamicale09.fr\/#\/schema\/logo\/image\/","url":"https:\/\/azamicale09.fr\/wp-content\/uploads\/2024\/08\/cropped-Logo-AZA.png","contentUrl":"https:\/\/azamicale09.fr\/wp-content\/uploads\/2024\/08\/cropped-Logo-AZA.png","width":310,"height":395,"caption":"AZ Amicale Pamiers (09)"},"image":{"@id":"https:\/\/azamicale09.fr\/#\/schema\/logo\/image\/"}}]}},"_links":{"self":[{"href":"https:\/\/azamicale09.fr\/index.php\/wp-json\/wp\/v2\/pages\/927","targetHints":{"allow":["GET"]}}],"collection":[{"href":"https:\/\/azamicale09.fr\/index.php\/wp-json\/wp\/v2\/pages"}],"about":[{"href":"https:\/\/azamicale09.fr\/index.php\/wp-json\/wp\/v2\/types\/page"}],"author":[{"embeddable":true,"href":"https:\/\/azamicale09.fr\/index.php\/wp-json\/wp\/v2\/users\/1"}],"replies":[{"embeddable":true,"href":"https:\/\/azamicale09.fr\/index.php\/wp-json\/wp\/v2\/comments?post=927"}],"version-history":[{"count":7,"href":"https:\/\/azamicale09.fr\/index.php\/wp-json\/wp\/v2\/pages\/927\/revisions"}],"predecessor-version":[{"id":950,"href":"https:\/\/azamicale09.fr\/index.php\/wp-json\/wp\/v2\/pages\/927\/revisions\/950"}],"wp:attachment":[{"href":"https:\/\/azamicale09.fr\/index.php\/wp-json\/wp\/v2\/media?parent=927"}],"curies":[{"name":"wp","href":"https:\/\/api.w.org\/{rel}","templated":true}]}}